{"id":11528,"date":"2020-12-31T13:40:36","date_gmt":"2020-12-31T13:40:36","guid":{"rendered":"https:\/\/www.sabrinafit.eu\/?page_id=11528"},"modified":"2026-04-07T05:21:41","modified_gmt":"2026-04-07T05:21:41","slug":"kdo-je-sabrina","status":"publish","type":"page","link":"https:\/\/www.sabrinafit.eu\/en\/kdo-je-sabrina\/","title":{"rendered":"Sabrina"},"content":{"rendered":"<div class=\"brz-root__container brz-reset-all brz brz-root__container-page\">\n<section id=\"_cqzcriohoqeqbuoociwqddwzzuwbmlwanacj\" class=\"brz-section brz-css-7kq19z\">\n<div class=\"brz-section__content brz-section--boxed brz-css-t6pln5 brz-css-2oldf5\" data-brz-custom-id=\"evoefhqqkxiivzfeprbepttleabijalhugqw\">\n<div class=\"brz-bg\">\n<div class=\"brz-bg-color\"><\/div>\n<\/div>\n<div class=\"brz-container brz-css-18ti98x\">\n<div id=\"\" class=\"brz-css-1kusqye brz-wrapper\">\n<div class=\"brz-rich-text brz-rich-text__custom brz-css-1in433n\" data-brz-custom-id=\"tsuykoimvkbvrefwaeaxtacbxufnvvxejcoi\">\n<div data-brz-translate-text=\"1\">\n<p class=\"brz-text-lg-center brz-tp-lg-heading1 brz-css-bVeI5\" data-generated-css=\"brz-css-s3XAa\" data-uniq-id=\"iaOIF\"><strong class=\"brz-cp-color2\">Who is Sabrina?<\/strong><\/p>\n<\/div>\n<\/div>\n<\/div>\n<\/div>\n<\/div>\n<\/section>\n<section id=\"_ilwwkfnhbgfmkopnfgiwbaqrhwpvadwqlylk\" class=\"brz-section brz-css-7kq19z brz-css-1pj56p4\">\n<div class=\"brz-section__content brz-section--boxed brz-css-t6pln5 brz-css-tzjkt1\" data-brz-custom-id=\"lorvffhuoxcfqxgujrwslqpxnihvseanvwmt\">\n<div class=\"brz-container brz-css-18ti98x\">\n<div class=\"brz-row__container brz-css-1ff76u1\" data-brz-custom-id=\"dwonuascyobujrugowaerssvkcuyrrfptzuy\">\n<div class=\"brz-bg\"><\/div>\n<div class=\"brz-row brz-css-1gfskc3\">\n<div class=\"brz-columns brz-css-5zsbvs brz-css-zhxg29\" data-brz-custom-id=\"pjajimokjgltwvkxvseooeagtmrrhpknaimb\">\n<div class=\"brz-bg\">\n<div class=\"brz-bg-color\"><\/div>\n<\/div>\n<div class=\"brz-column__items brz-css-37oj7a brz-css-chuhmc\">\n<div id=\"\" class=\"brz-css-1kusqye brz-css-1kmsl0x brz-wrapper\">\n<div class=\"brz-rich-text brz-rich-text__custom brz-css-1in433n\" data-brz-custom-id=\"xekyktrgkngxsohjunlrqdwrnovzvpywttrq\">\n<div data-brz-translate-text=\"1\">\n<p class=\"brz-tp-lg-subtitle brz-fs-xs-22 brz-css-v20hA\" data-generated-css=\"brz-css-gxlq9\" data-uniq-id=\"rIkLw\"><span>Sports education professor<\/span><\/p>\n<\/div>\n<\/div>\n<\/div>\n<div id=\"\" class=\"brz-css-1kusqye brz-css-19l9wq brz-wrapper\">\n<div class=\"brz-rich-text brz-rich-text__custom brz-css-1in433n\" data-brz-custom-id=\"plkkdhkmlzbenikvvxndffuptpmitukhtpsw\">\n<div data-brz-translate-text=\"1\">\n<p class=\"brz-tp-lg-heading5 brz-text-lg-justify brz-css-fAn0u\" data-generated-css=\"brz-css-j83k3\" data-uniq-id=\"iUFSA\"><span> <\/span><\/p>\n<p class=\"brz-tp-lg-heading5 brz-text-lg-justify brz-css-j5GQX\" data-generated-css=\"brz-css-h6tKI\" data-uniq-id=\"n87Hu\"><span>Sabrina je bila vedno aktivna v \u017eivljenju; osem let je plesala klasi\u010dni balet, nekaj let jazz balet in akrobatski rock&#8217;n roll. Kasneje je med \u0161tudijem trenirala dresurno jahanje in \u0161portno aerobiko. Smu\u010da od malih nog.&nbsp;Diplomirala je na Fakulteti za \u0160port v Ljubljani, iz \u0161portnega treniranja, smer fitnes in skupinske vadbe, zaradi \u010desar je pridobila naziv osebnega trenerja ali trenerja fitnesa in skupinskih vadb in seveda profesorja \u0161portne vzgoje. Tema diplomskega dela iz predmeta Fitnes je vsebovala model treninga in prehrane za lep\u0161o postavo pri osebah s prekomerno telesno te\u017eo. Kasneje se je izobrazila za razli\u010dne skupinske vadbe: aerobika, pilates, crossfit, funkcionalna vadba, HIIT trening, ter na koncu postala u\u010diteljica joge (JZS\u02d9 &#8211; RJU 300) in prehranska svetovalka (FZS\u02d9). Prav ako je tudi u\u010ditelj plavanja ter U3 &#8211; u\u010ditelj in trener alpskega in nordijskega smu\u010danja. Ima ve\u010d kot 20 let izku\u0161enj na podro\u010dju skupinskih vadb in osebnega trenerstva. Tudi v prostem \u010dasu se ukvarja s \u0161portom: te\u010de, kolesari, rola, plava, pleza, hodi v hribe, se potaplja, windsurfa, kitesurfa, smu\u010da, snowboarda, ple\u0161e. Rada dela z ljudmi in deli znanje in veselje do gibanja.&nbsp;<\/span><\/p>\n<p class=\"brz-tp-lg-heading5 brz-text-lg-justify brz-css-lqdsi\" data-generated-css=\"brz-css-uixt5\" data-uniq-id=\"wJrlC\"><span> <\/span><\/p>\n<p class=\"brz-tp-lg-heading5 brz-text-lg-justify brz-css-oLc_N\" data-generated-css=\"brz-css-wVm7t\" data-uniq-id=\"jEIHO\"><span> <\/span><\/p>\n<p class=\"brz-tp-lg-heading5 brz-text-lg-justify brz-css-euhR2\" data-generated-css=\"brz-css-itW3G\" data-uniq-id=\"iIx0s\"><span>(JZS: Yoga Association of Slovenia; FZS: Fitness Association of Slovenia)<\/span><\/p>\n<p class=\"brz-tp-lg-heading5 brz-text-lg-justify brz-css-vHpGj\" data-generated-css=\"brz-css-itW3G\" data-uniq-id=\"iIx0s\"><span> <\/span><\/p>\n<p class=\"brz-tp-lg-heading5 brz-text-lg-justify brz-css-c2wn4\" data-generated-css=\"brz-css-fs2lZ\" data-uniq-id=\"vhX8t\"><\/p>\n<p class=\"brz-tp-lg-heading5 brz-text-lg-justify brz-css-uCHz4\" data-generated-css=\"brz-css-yLTpg\" data-uniq-id=\"ftfBl\"><span> <\/span><\/p>\n<p class=\"brz-tp-lg-heading5 brz-text-lg-justify brz-css-ldFNN\" data-generated-css=\"brz-css-nuukl\" data-uniq-id=\"ombEN\"><span> <\/span><\/p>\n<\/div>\n<\/div>\n<\/div>\n<div class=\"brz-wrapper-clone brz-css-1r1rn4g brz-css-1w51fx7\">\n<div class=\"brz-d-xs-flex brz-flex-xs-wrap brz-css-h69sc0 brz-css-89ahzv\" data-brz-custom-id=\"\">\n<div class=\"brz-wrapper-clone__item\" id=\"dpvdsmtguebeldbonqyjisjxxauyusxeijra\"><a class=\"brz-a brz-btn brz-css-1b7p07c brz-css-1etz5kf brz-css-18hscnv brz-css-w4m8dn\" href=\"https:\/\/www.sabrinafit.eu\/en\/reference\/\" target=\"_self\" rel=\"noopener\" data-brz-link-type=\"external\" data-brz-custom-id=\"dpvdsmtguebeldbonqyjisjxxauyusxeijra\"><span data-brz-translate-text=\"1\" class=\"brz-span brz-text__editor\">&nbsp;&nbsp;&nbsp;&nbsp;&nbsp; References &nbsp; &nbsp;&nbsp;<\/span><\/a><\/div>\n<\/div>\n<\/div>\n<\/div>\n<\/div>\n<div class=\"brz-columns brz-css-5zsbvs brz-css-k0pxz8\" data-brz-custom-id=\"hwjqjgmwoousbugnfhrbdtcjpoeoirprayog\">\n<div class=\"brz-bg\"><\/div>\n<div class=\"brz-column__items brz-css-37oj7a\"><\/div>\n<\/div>\n<\/div>\n<\/div>\n<div class=\"brz-row__container brz-css-1ff76u1 brz-css-1b4ro0r\" data-brz-custom-id=\"hltnbwphvryewookdjpxubrohgbsniytadep\">\n<div class=\"brz-bg\"><\/div>\n<div class=\"brz-row brz-css-1gfskc3\">\n<div class=\"brz-columns brz-css-5zsbvs brz-css-6sfhx\" data-brz-custom-id=\"dbbuzaqprxaoxbujmxopabuehbcolwrmyway\">\n<div class=\"brz-bg\">\n<div class=\"brz-bg-color\"><\/div>\n<\/div>\n<div class=\"brz-column__items brz-css-37oj7a brz-css-urgbmz\">\n<div id=\"\" class=\"brz-css-1kusqye brz-css-1gfot2c brz-wrapper\">\n<div class=\"brz-rich-text brz-rich-text__custom brz-css-1in433n\" data-brz-custom-id=\"cykpdfyetgzbpwuqzujhnbfhhskghczvwxkp\">\n<div data-brz-translate-text=\"1\">\n<p class=\"brz-mb-lg-0 brz-tp-lg-subtitle brz-text-lg-justify brz-fs-xs-22 brz-css-iFxHJ\" data-generated-css=\"brz-css-j1tpn\" data-uniq-id=\"mLrim\"><span class=\"brz-cp-color2\">Body shaping<\/span><\/p>\n<p class=\"brz-tp-lg-subtitle brz-text-lg-justify brz-css-fzUzf\" data-generated-css=\"brz-css-ws4ZD\" data-uniq-id=\"eR8K_\"><span class=\"brz-cp-color7\"> <\/span><\/p>\n<p class=\"brz-tp-lg-subtitle brz-text-lg-justify brz-css-qJaYM\" data-generated-css=\"brz-css-m1qsL\" data-uniq-id=\"a0FVJ\"><span class=\"brz-cp-color7\"> <\/span><\/p>\n<p class=\"brz-tp-lg-subtitle brz-text-lg-justify brz-css-iFkPz\" data-generated-css=\"brz-css-h8Dlv\" data-uniq-id=\"tqt2W\"><span class=\"brz-cp-color7\"> <\/span><\/p>\n<p class=\"brz-tp-lg-subtitle brz-text-lg-justify brz-css-yilPh\" data-generated-css=\"brz-css-mP_9i\" data-uniq-id=\"hfAhf\"><span class=\"brz-cp-color7\"> <\/span><\/p>\n<p class=\"brz-tp-lg-subtitle brz-text-lg-justify brz-css-luOHH\" data-generated-css=\"brz-css-vd5Dz\" data-uniq-id=\"gFBPC\"><span class=\"brz-cp-color7\"> <\/span><\/p>\n<p class=\"brz-tp-lg-subtitle brz-text-lg-justify brz-css-uW0OW\" data-generated-css=\"brz-css-iIG7s\" data-uniq-id=\"oCSX5\"><span class=\"brz-cp-color7\"> <\/span><\/p>\n<p class=\"brz-tp-lg-subtitle brz-text-lg-justify brz-css-yOFED\" data-generated-css=\"brz-css-pFhqE\" data-uniq-id=\"n6Ab1\"><span class=\"brz-cp-color7\"> <\/span><\/p>\n<p class=\"brz-tp-lg-subtitle brz-text-lg-justify brz-css-o73AN\" data-generated-css=\"brz-css-jNHkx\" data-uniq-id=\"kJyVU\"><span class=\"brz-cp-color7\"> <\/span><\/p>\n<p class=\"brz-tp-lg-subtitle brz-text-lg-justify brz-css-anB92\" data-generated-css=\"brz-css-pnsQK\" data-uniq-id=\"kec6K\"><span class=\"brz-cp-color7\"> <\/span><\/p>\n<p class=\"brz-tp-lg-subtitle brz-text-lg-justify brz-css-hVC5u\" data-generated-css=\"brz-css-u4xQj\" data-uniq-id=\"sn6kS\"><span class=\"brz-cp-color7\"> <\/span><\/p>\n<p class=\"brz-tp-lg-subtitle brz-text-lg-justify brz-css-hUmCN\" data-generated-css=\"brz-css-uWqjW\" data-uniq-id=\"eyY4c\"><span class=\"brz-cp-color7\"> <\/span><\/p>\n<p class=\"brz-tp-lg-subtitle brz-text-lg-justify brz-css-qfHqE\" data-generated-css=\"brz-css-kjlRQ\" data-uniq-id=\"zfEh5\"><span class=\"brz-cp-color7\"> <\/span><\/p>\n<p class=\"brz-tp-lg-subtitle brz-text-lg-justify brz-css-edSxJ\" data-generated-css=\"brz-css-cISWf\" data-uniq-id=\"nedzs\"><span class=\"brz-cp-color7\"> <\/span><\/p>\n<p class=\"brz-tp-lg-subtitle brz-text-lg-justify brz-css-vwlU2\" data-generated-css=\"brz-css-gb2f2\" data-uniq-id=\"tgyl3\"><span class=\"brz-cp-color7\"> <\/span><\/p>\n<p class=\"brz-tp-lg-subtitle brz-text-lg-justify brz-css-h7X9G\" data-generated-css=\"brz-css-e0j69\" data-uniq-id=\"aFij5\"><span class=\"brz-cp-color7\"> <\/span><\/p>\n<p class=\"brz-tp-lg-heading5 brz-text-lg-justify brz-css-xmZHO\" data-generated-css=\"brz-css-pN0Sa\" data-uniq-id=\"w3bLN\"><span class=\"brz-cp-color7\"> <\/span><\/p>\n<p class=\"brz-tp-lg-heading5 brz-text-lg-justify brz-css-jPPSY\" data-generated-css=\"brz-css-eU6zs\" data-uniq-id=\"vhq8R\"><span class=\"brz-cp-color7\"> <\/span><\/p>\n<p class=\"brz-tp-lg-heading5 brz-text-lg-justify brz-css-h_caT\" data-generated-css=\"brz-css-ovnuB\" data-uniq-id=\"xp56A\"><span class=\"brz-cp-color7\"> <\/span><\/p>\n<p class=\"brz-tp-lg-heading5 brz-text-lg-justify brz-css-cU85F\" data-generated-css=\"brz-css-bobxA\" data-uniq-id=\"fuXMc\"><span class=\"brz-cp-color7\"> <\/span><\/p>\n<\/div>\n<\/div>\n<\/div>\n<div id=\"\" class=\"brz-css-1kusqye brz-wrapper\">\n<div class=\"brz-rich-text brz-rich-text__custom brz-css-1in433n\" data-brz-custom-id=\"cmwgoxwiurewtduhvtgyjirvofmespfuoqgc\">\n<div data-brz-translate-text=\"1\">\n<p class=\"brz-tp-lg-paragraph brz-text-lg-justify brz-mt-lg-0 brz-css-dQuOl\" data-generated-css=\"brz-css-wPRYw\" data-uniq-id=\"luGqE\"><span class=\"brz-cp-color7\">The body is beautiful and healthy when it is harmonious and functional. The unique program I\u2019ve developed will help burn calories, boost metabolism and improve your overall health. A combination of strategic exercises and a healthy diet will have you in tip-top shape.<\/span><\/p>\n<p class=\"brz-tp-lg-paragraph brz-text-lg-justify brz-mt-lg-0 brz-css-kNy6d\" data-generated-css=\"brz-css-jaxBt\" data-uniq-id=\"r8d00\"><span class=\"brz-cp-color7\"> <\/span><\/p>\n<p class=\"brz-tp-lg-paragraph brz-text-lg-justify brz-css-sf87O\" data-generated-css=\"brz-css-shg50\" data-uniq-id=\"pL9aC\"><span class=\"brz-cp-color7\"> <\/span><\/p>\n<p class=\"brz-tp-lg-paragraph brz-text-lg-justify brz-css-lAKw_\" data-generated-css=\"brz-css-zrvDy\" data-uniq-id=\"dLvGx\"><span class=\"brz-cp-color7\"> <\/span><\/p>\n<p class=\"brz-tp-lg-paragraph brz-text-lg-justify brz-css-lZaHf\" data-generated-css=\"brz-css-lkpL7\" data-uniq-id=\"fAbUg\"><span class=\"brz-cp-color7\"> <\/span><\/p>\n<p class=\"brz-tp-lg-paragraph brz-text-lg-justify brz-css-ojAfW\" data-generated-css=\"brz-css-dtSqM\" data-uniq-id=\"xU9fB\"><span class=\"brz-cp-color7\"> <\/span><\/p>\n<\/div>\n<\/div>\n<\/div>\n<div id=\"\" class=\"brz-css-1kusqye brz-css-1o5n4pz brz-wrapper\">\n<div class=\"brz-rich-text brz-rich-text__custom brz-css-1in433n\" data-brz-custom-id=\"zvgxfwcmygoyywsxxhxtxvpmwsymwahxsbkz\">\n<div data-brz-translate-text=\"1\">\n<p class=\"brz-tp-lg-subtitle brz-fs-xs-22 brz-css-pZ6IU\" data-generated-css=\"brz-css-xziqP\" data-uniq-id=\"xA8dA\"><span class=\"brz-cp-color2\">Strength &amp; Stamina<\/span><\/p>\n<\/div>\n<\/div>\n<\/div>\n<div id=\"\" class=\"brz-css-1kusqye brz-wrapper\">\n<div class=\"brz-rich-text brz-rich-text__custom brz-css-1in433n\" data-brz-custom-id=\"pbymvegronfyhsnzwqjxyyeafrqecrxckion\">\n<div data-brz-translate-text=\"1\">\n<p class=\"brz-tp-lg-paragraph brz-text-lg-justify brz-css-nxiKm\" data-generated-css=\"brz-css-jBuOH\" data-uniq-id=\"hcM9G\"><span class=\"brz-cp-color7\">This is a popular trend in the fitness world today. Whether it\u2019s losing weight or trimming and toning, my program will improve your health and have you feeling great. You\u2019ll see an improvement in your performance in no time.<\/span><\/p>\n<\/div>\n<\/div>\n<\/div>\n<div id=\"\" class=\"brz-css-1kusqye brz-css-zsec6s brz-wrapper\">\n<div class=\"brz-rich-text brz-rich-text__custom brz-css-1in433n\" data-brz-custom-id=\"axntwyygdpazimhrhifhhhwjrwahrlzrfpdz\">\n<div data-brz-translate-text=\"1\">\n<p class=\"brz-tp-lg-subtitle brz-fs-xs-22 brz-css-xluUv\" data-generated-css=\"brz-css-tcXlV\" data-uniq-id=\"xssjW\"><span class=\"brz-cp-color2\">Look Good, Feel Good<\/span><\/p>\n<\/div>\n<\/div>\n<\/div>\n<div id=\"\" class=\"brz-css-1kusqye brz-wrapper\">\n<div class=\"brz-rich-text brz-rich-text__custom brz-css-1in433n\" data-brz-custom-id=\"vmysmhokocwxdukvjospxxefjibeuyqxdwrg\">\n<div data-brz-translate-text=\"1\">\n<p class=\"brz-tp-lg-paragraph brz-text-lg-justify brz-css-ecP7T\" data-generated-css=\"brz-css-v7_zX\" data-uniq-id=\"jsAcm\"><span class=\"brz-cp-color7\"> <\/span><\/p>\n<p class=\"brz-tp-lg-paragraph brz-text-lg-justify brz-css-oAzhh\" data-generated-css=\"brz-css-gBas9\" data-uniq-id=\"fm4fT\"><span class=\"brz-cp-color7\"> <\/span><\/p>\n<p class=\"brz-tp-lg-paragraph brz-text-lg-justify brz-css-hpggU\" data-generated-css=\"brz-css-qJ8cY\" data-uniq-id=\"fGKMh\"><span class=\"brz-cp-color7\">Health and Fitness is not only about what your body looks like on the outside, but also on the inside! I will make sure your body and mind find the right balance. What are you waiting for? <\/span><strong class=\"brz-cp-color7\">Book a session today!<\/strong><\/p>\n<\/div>\n<\/div>\n<\/div>\n<div class=\"brz-wrapper-clone brz-css-1r1rn4g brz-css-1ahie8k\">\n<div class=\"brz-d-xs-flex brz-flex-xs-wrap brz-css-h69sc0 brz-css-ondj2f\" data-brz-custom-id=\"\">\n<div class=\"brz-wrapper-clone__item\" id=\"cikmteomjksuexyoxlywtvuewmbdbrfdljgi\"><a class=\"brz-a brz-btn brz-css-1b7p07c brz-css-1ga694f brz-css-18hscnv brz-css-11berll\" href=\"https:\/\/www.sabrinafit.eu\/en\/ponudba\/\" target=\"_self\" rel=\"noopener\" data-brz-link-type=\"external\" data-brz-custom-id=\"cikmteomjksuexyoxlywtvuewmbdbrfdljgi\"><span data-brz-translate-text=\"1\" class=\"brz-span brz-text__editor\">&nbsp;&nbsp;&nbsp;&nbsp; Offer &nbsp; &nbsp;&nbsp;<\/span><\/a><\/div>\n<\/div>\n<\/div>\n<\/div>\n<\/div>\n<div class=\"brz-columns brz-css-5zsbvs brz-css-ee1f60\" data-brz-custom-id=\"cwoicbbhrntxztpxftpmyejgsewujfpgdysd\">\n<div class=\"brz-bg\"><\/div>\n<div class=\"brz-column__items brz-css-37oj7a brz-css-a6pelx\">\n<div id=\"\" class=\"brz-css-1kusqye brz-css-g3rejl brz-wrapper\">\n<div class=\"brz-image brz-css-aguo0w\" data-brz-custom-id=\"rkrxefaxintgoahwtwzwkplcohesepwrjwyw\"><img decoding=\"async\" class=\"brz-img\" src=\"https:\/\/www.sabrinafit.eu\/wp-content\/uploads\/brizy\/imgs\/Sabrina-3-838x505x84x0x670x505x1668012894.jpg\" alt=\"\" loading=\"lazy\"><\/div>\n<\/div>\n<\/div>\n<\/div>\n<\/div>\n<\/div>\n<\/div>\n<\/div>\n<\/section>\n<section id=\"_wnvkggehmtugblmfgscpacrtjupkgvliclex\" class=\"brz-section brz-css-7kq19z brz-css-1yd8xmf\">\n<div class=\"brz-section__content brz-section--boxed brz-css-t6pln5 brz-css-ro55tb\" data-brz-custom-id=\"iypzlbdykbznxzjbhcpskvogrxdozxrzevnh\">\n<div class=\"brz-bg\">\n<div data-type=\"youtube\" data-key=\"EnEhTwIaZdc\" data-loop=\"true\" data-start=\"0\" class=\"brz-bg-video\"><\/div>\n<\/div>\n<div class=\"brz-container brz-css-18ti98x\"><\/div>\n<\/div>\n<\/section>\n<\/div>\n<p>    <!-- version:1736982959 --><\/p>","protected":false},"excerpt":{"rendered":"<p>Kdo je Sabrina? Prof. \u0161portne vzgoje Sabrina je bila vedno aktivna v \u017eivljenju; osem let je plesala klasi\u010dni balet, nekaj let jazz balet in akrobatski rock&#8217;n roll. Kasneje je med \u0161tudijem trenirala dresurno jahanje in \u0161portno aerobiko. Smu\u010da od malih nog.&nbsp;Diplomirala je na Fakulteti za \u0160port v Ljubljani, iz \u0161portnega treniranja, smer fitnes in skupinske &hellip;<\/p>\n<p class=\"read-more\"> <a class=\"\" href=\"https:\/\/www.sabrinafit.eu\/en\/kdo-je-sabrina\/\"> <span class=\"screen-reader-text\">Sabrina<\/span> Read More &raquo;<\/a><\/p>","protected":false},"author":1,"featured_media":0,"parent":0,"menu_order":0,"comment_status":"closed","ping_status":"closed","template":"brizy-blank-template.php","meta":{"footnotes":""},"yoast_head":"<!-- This site is optimized with the Yoast SEO plugin v21.7 - https:\/\/yoast.com\/wordpress\/plugins\/seo\/ -->\n<title>Sabrina - Sabrinafit | Osebni trener fitnesa | Sabrina - Personal trainer<\/title>\n<meta name=\"description\" content=\"SABBRINA - PERSONAL TRAINER - OSEBNO TRENERSTVO, VODENJE SKUPINSKIH VADB, U\u010cITELJ SMU\u010cANJA, U\u010cITELJ JOGE, VADITELJ PLAVANJA...\" \/>\n<meta name=\"robots\" content=\"index, follow, max-snippet:-1, max-image-preview:large, max-video-preview:-1\" \/>\n<link rel=\"canonical\" href=\"https:\/\/www.sabrinafit.eu\/en\/kdo-je-sabrina\/\" \/>\n<meta property=\"og:locale\" content=\"en_GB\" \/>\n<meta property=\"og:type\" content=\"article\" \/>\n<meta property=\"og:title\" content=\"Sabrina - Sabrinafit | Osebni trener fitnesa | Sabrina - Personal trainer\" \/>\n<meta property=\"og:description\" content=\"SABBRINA - PERSONAL TRAINER - OSEBNO TRENERSTVO, VODENJE SKUPINSKIH VADB, U\u010cITELJ SMU\u010cANJA, U\u010cITELJ JOGE, VADITELJ PLAVANJA...\" \/>\n<meta property=\"og:url\" content=\"https:\/\/www.sabrinafit.eu\/en\/kdo-je-sabrina\/\" \/>\n<meta property=\"og:site_name\" content=\"Sabrinafit | Osebni trener fitnesa | Sabrina - Personal trainer\" \/>\n<meta property=\"article:modified_time\" content=\"2026-04-07T05:21:41+00:00\" \/>\n<meta property=\"og:image\" content=\"https:\/\/www.sabrinafit.eu\/wp-content\/uploads\/brizy\/imgs\/Sabrina-3-838x505x84x0x670x505x1668012894.jpg\" \/>\n<meta name=\"twitter:card\" content=\"summary_large_image\" \/>\n<meta name=\"twitter:label1\" content=\"Estimated reading time\" \/>\n\t<meta name=\"twitter:data1\" content=\"2 minutes\" \/>\n<script type=\"application\/ld+json\" class=\"yoast-schema-graph\">{\"@context\":\"https:\/\/schema.org\",\"@graph\":[{\"@type\":\"WebPage\",\"@id\":\"https:\/\/www.sabrinafit.eu\/kdo-je-sabrina\/\",\"url\":\"https:\/\/www.sabrinafit.eu\/kdo-je-sabrina\/\",\"name\":\"Sabrina - Sabrinafit | Osebni trener fitnesa | Sabrina - Personal trainer\",\"isPartOf\":{\"@id\":\"https:\/\/www.sabrinafit.eu\/#website\"},\"datePublished\":\"2020-12-31T13:40:36+00:00\",\"dateModified\":\"2026-04-07T05:21:41+00:00\",\"description\":\"SABBRINA - PERSONAL TRAINER - OSEBNO TRENERSTVO, VODENJE SKUPINSKIH VADB, U\u010cITELJ SMU\u010cANJA, U\u010cITELJ JOGE, VADITELJ PLAVANJA...\",\"breadcrumb\":{\"@id\":\"https:\/\/www.sabrinafit.eu\/kdo-je-sabrina\/#breadcrumb\"},\"inLanguage\":\"en-GB\",\"potentialAction\":[{\"@type\":\"ReadAction\",\"target\":[\"https:\/\/www.sabrinafit.eu\/kdo-je-sabrina\/\"]}]},{\"@type\":\"BreadcrumbList\",\"@id\":\"https:\/\/www.sabrinafit.eu\/kdo-je-sabrina\/#breadcrumb\",\"itemListElement\":[{\"@type\":\"ListItem\",\"position\":1,\"name\":\"Home\",\"item\":\"https:\/\/www.sabrinafit.eu\/en\/\"},{\"@type\":\"ListItem\",\"position\":2,\"name\":\"Sabrina\"}]},{\"@type\":\"WebSite\",\"@id\":\"https:\/\/www.sabrinafit.eu\/#website\",\"url\":\"https:\/\/www.sabrinafit.eu\/\",\"name\":\"Sabrinafit | Osebni trener fitnesa | Sabrina - Personal trainer\",\"description\":\"SABBRINA - PERSONAL TRAINER - OSEBNO TRENERSTVO, VODENJE ...\",\"publisher\":{\"@id\":\"https:\/\/www.sabrinafit.eu\/#\/schema\/person\/85f030a71725c33444e2e2e4aa6620f6\"},\"potentialAction\":[{\"@type\":\"SearchAction\",\"target\":{\"@type\":\"EntryPoint\",\"urlTemplate\":\"https:\/\/www.sabrinafit.eu\/?s={search_term_string}\"},\"query-input\":\"required name=search_term_string\"}],\"inLanguage\":\"en-GB\"},{\"@type\":[\"Person\",\"Organization\"],\"@id\":\"https:\/\/www.sabrinafit.eu\/#\/schema\/person\/85f030a71725c33444e2e2e4aa6620f6\",\"name\":\"Sabrina Simonovich\",\"image\":{\"@type\":\"ImageObject\",\"inLanguage\":\"en-GB\",\"@id\":\"https:\/\/www.sabrinafit.eu\/#\/schema\/person\/image\/\",\"url\":\"https:\/\/www.sabrinafit.eu\/wp-content\/uploads\/2020\/12\/sabrina-favicon.png\",\"contentUrl\":\"https:\/\/www.sabrinafit.eu\/wp-content\/uploads\/2020\/12\/sabrina-favicon.png\",\"width\":505,\"height\":505,\"caption\":\"Sabrina Simonovich\"},\"logo\":{\"@id\":\"https:\/\/www.sabrinafit.eu\/#\/schema\/person\/image\/\"},\"sameAs\":[\"https:\/\/www.sabrinafit.eu\/kdo-je-sabrina\"]}]}<\/script>\n<!-- \/ Yoast SEO plugin. -->","yoast_head_json":{"title":"Sabrina - Sabrinafit | Osebni trener fitnesa | Sabrina - Personal trainer","description":"SABBRINA - PERSONAL TRAINER - OSEBNO TRENERSTVO, VODENJE SKUPINSKIH VADB, U\u010cITELJ SMU\u010cANJA, U\u010cITELJ JOGE, VADITELJ PLAVANJA...","robots":{"index":"index","follow":"follow","max-snippet":"max-snippet:-1","max-image-preview":"max-image-preview:large","max-video-preview":"max-video-preview:-1"},"canonical":"https:\/\/www.sabrinafit.eu\/en\/kdo-je-sabrina\/","og_locale":"en_GB","og_type":"article","og_title":"Sabrina - Sabrinafit | Osebni trener fitnesa | Sabrina - Personal trainer","og_description":"SABBRINA - PERSONAL TRAINER - OSEBNO TRENERSTVO, VODENJE SKUPINSKIH VADB, U\u010cITELJ SMU\u010cANJA, U\u010cITELJ JOGE, VADITELJ PLAVANJA...","og_url":"https:\/\/www.sabrinafit.eu\/en\/kdo-je-sabrina\/","og_site_name":"Sabrinafit | Osebni trener fitnesa | Sabrina - Personal trainer","article_modified_time":"2026-04-07T05:21:41+00:00","og_image":[{"url":"https:\/\/www.sabrinafit.eu\/wp-content\/uploads\/brizy\/imgs\/Sabrina-3-838x505x84x0x670x505x1668012894.jpg"}],"twitter_card":"summary_large_image","twitter_misc":{"Estimated reading time":"2 minutes"},"schema":{"@context":"https:\/\/schema.org","@graph":[{"@type":"WebPage","@id":"https:\/\/www.sabrinafit.eu\/kdo-je-sabrina\/","url":"https:\/\/www.sabrinafit.eu\/kdo-je-sabrina\/","name":"Sabrina - Sabrinafit | Osebni trener fitnesa | Sabrina - Personal trainer","isPartOf":{"@id":"https:\/\/www.sabrinafit.eu\/#website"},"datePublished":"2020-12-31T13:40:36+00:00","dateModified":"2026-04-07T05:21:41+00:00","description":"SABBRINA - PERSONAL TRAINER - OSEBNO TRENERSTVO, VODENJE SKUPINSKIH VADB, U\u010cITELJ SMU\u010cANJA, U\u010cITELJ JOGE, VADITELJ PLAVANJA...","breadcrumb":{"@id":"https:\/\/www.sabrinafit.eu\/kdo-je-sabrina\/#breadcrumb"},"inLanguage":"en-GB","potentialAction":[{"@type":"ReadAction","target":["https:\/\/www.sabrinafit.eu\/kdo-je-sabrina\/"]}]},{"@type":"BreadcrumbList","@id":"https:\/\/www.sabrinafit.eu\/kdo-je-sabrina\/#breadcrumb","itemListElement":[{"@type":"ListItem","position":1,"name":"Home","item":"https:\/\/www.sabrinafit.eu\/en\/"},{"@type":"ListItem","position":2,"name":"Sabrina"}]},{"@type":"WebSite","@id":"https:\/\/www.sabrinafit.eu\/#website","url":"https:\/\/www.sabrinafit.eu\/","name":"Sabrinafit | Osebni trener fitnesa | Sabrina - Personal trainer","description":"SABBRINA - PERSONAL TRAINER - OSEBNO TRENERSTVO, VODENJE ...","publisher":{"@id":"https:\/\/www.sabrinafit.eu\/#\/schema\/person\/85f030a71725c33444e2e2e4aa6620f6"},"potentialAction":[{"@type":"SearchAction","target":{"@type":"EntryPoint","urlTemplate":"https:\/\/www.sabrinafit.eu\/?s={search_term_string}"},"query-input":"required name=search_term_string"}],"inLanguage":"en-GB"},{"@type":["Person","Organization"],"@id":"https:\/\/www.sabrinafit.eu\/#\/schema\/person\/85f030a71725c33444e2e2e4aa6620f6","name":"Sabrina Simonovich","image":{"@type":"ImageObject","inLanguage":"en-GB","@id":"https:\/\/www.sabrinafit.eu\/#\/schema\/person\/image\/","url":"https:\/\/www.sabrinafit.eu\/wp-content\/uploads\/2020\/12\/sabrina-favicon.png","contentUrl":"https:\/\/www.sabrinafit.eu\/wp-content\/uploads\/2020\/12\/sabrina-favicon.png","width":505,"height":505,"caption":"Sabrina Simonovich"},"logo":{"@id":"https:\/\/www.sabrinafit.eu\/#\/schema\/person\/image\/"},"sameAs":["https:\/\/www.sabrinafit.eu\/kdo-je-sabrina"]}]}},"brizy_media":[{"id":11900,"url":"https:\/\/www.sabrinafit.eu\/wp-content\/uploads\/2020\/12\/Sabrina-3.jpg","name":"Sabrina-3.jpg","meta":{"brizy_attachment_uid":"wp-172c0c8766906140e065209afb117385.jpg","brizy_post_uid":["c6be2f7ecd29065b1232019ee87b9ac7"]}}],"_links":{"self":[{"href":"https:\/\/www.sabrinafit.eu\/en\/wp-json\/wp\/v2\/pages\/11528"}],"collection":[{"href":"https:\/\/www.sabrinafit.eu\/en\/wp-json\/wp\/v2\/pages"}],"about":[{"href":"https:\/\/www.sabrinafit.eu\/en\/wp-json\/wp\/v2\/types\/page"}],"author":[{"embeddable":true,"href":"https:\/\/www.sabrinafit.eu\/en\/wp-json\/wp\/v2\/users\/1"}],"replies":[{"embeddable":true,"href":"https:\/\/www.sabrinafit.eu\/en\/wp-json\/wp\/v2\/comments?post=11528"}],"version-history":[{"count":15,"href":"https:\/\/www.sabrinafit.eu\/en\/wp-json\/wp\/v2\/pages\/11528\/revisions"}],"predecessor-version":[{"id":18837,"href":"https:\/\/www.sabrinafit.eu\/en\/wp-json\/wp\/v2\/pages\/11528\/revisions\/18837"}],"wp:attachment":[{"href":"https:\/\/www.sabrinafit.eu\/en\/wp-json\/wp\/v2\/media?parent=11528"}],"curies":[{"name":"wp","href":"https:\/\/api.w.org\/{rel}","templated":true}]}}